{"id":565,"date":"2025-12-19T06:58:47","date_gmt":"2025-12-19T06:58:47","guid":{"rendered":"http:\/\/detox.wtf\/?page_id=565"},"modified":"2026-04-23T18:48:24","modified_gmt":"2026-04-23T18:48:24","slug":"borderland","status":"publish","type":"page","link":"https:\/\/detox.wtf\/?page_id=565","title":{"rendered":"Borderland"},"content":{"rendered":"<p>BORDERLAND ist eine choreographiertes Duo, in dem sich die K\u00fcnstler*innen im Laborversuch mit der Frage von Grenzen und Verbindungen, Vernetzung, geteilter Verantwortung im geteilten Raum auseinandersetzen.<\/p>\n<div style=\"padding: 56.25% 0 0 0; position: relative;\"><iframe style=\"position: absolute; top: 0; left: 0; width: 100%; height: 100%;\" title=\"DETOX - BORDERLAND (2025)\" src=\"https:\/\/player.vimeo.com\/video\/1185922405?badge=0&amp;autopause=0&amp;player_id=0&amp;app_id=58479\" frameborder=\"0\"><\/iframe><\/div>\n<p>Video: Effrosyni Kontogeorgou, Anton Vasilyev<\/p>\n<p>Dienstag, 29, April 2025, 20:00 G\u00fcterbahnhof Bremen<br \/>\nDonnerstag, 1. Mai 2025, 19:00 4bid Gallery Amsterdam<br \/>\nSamstag, 3. Mai 2025, 19:00 Ho\u0161ek Contemporary Berlin<\/p>\n<p><img loading=\"lazy\" decoding=\"async\" class=\"alignnone size-full wp-image-792\" src=\"http:\/\/detox.wtf\/wp-content\/uploads\/2026\/02\/IMG_0459.jpg\" alt=\"\" width=\"1600\" height=\"1200\" srcset=\"https:\/\/detox.wtf\/wp-content\/uploads\/2026\/02\/IMG_0459.jpg 1600w, https:\/\/detox.wtf\/wp-content\/uploads\/2026\/02\/IMG_0459-300x225.jpg 300w, https:\/\/detox.wtf\/wp-content\/uploads\/2026\/02\/IMG_0459-1024x768.jpg 1024w\" sizes=\"auto, (max-width: 1600px) 100vw, 1600px\" \/><br \/>\nFoto: Benjamin Suck<\/p>\n<p>Programmtext:<\/p>\n<p>DETOX ist eine Wohngemeinschaft. Maja ist die Hauptmieterin und Anton nicht. Daf\u00fcr ist er 1,84 gro\u00df. Antons T\u00fcr steht zur Zeit etwas weniger weit offen. Maja hat ihre territorialen Anspr\u00fcche im K\u00fchlschrank auf das zweite der vier F\u00e4cher reduziert.<br \/>\nSie wohnen in einem selbstgebauten vernetzten Setup. Es besteht aus Transducer-Lautsprechern, E-Gitarre, Keyboard, Queerness, sowjetischer und westdeutscher Pr\u00e4gung, einer Schreibmaschine, Stimmen, gefrorenen Crevetten, ungel\u00f6sten Fragen, Alltagsgegenst\u00e4nden als Resonatoren, 98% Verzweiflung und 2% Witz. In diesem Setup sind die Vorg\u00e4nge von Impulsgebung und Resonanz soweit voneinander entkoppelt, dass man* es nur gemeinsam bedienen kann \u2013 eine \u00dcbung im Teilen von Raum und von Verantwortung in einer brennenden Welt.<\/p>\n<p>supported by Musikfonds<\/p>\n<p><img loading=\"lazy\" decoding=\"async\" class=\"alignnone size-full wp-image-790\" src=\"http:\/\/detox.wtf\/wp-content\/uploads\/2026\/02\/IMG_7216.jpg\" alt=\"\" width=\"3520\" height=\"1980\" srcset=\"https:\/\/detox.wtf\/wp-content\/uploads\/2026\/02\/IMG_7216.jpg 3520w, https:\/\/detox.wtf\/wp-content\/uploads\/2026\/02\/IMG_7216-300x169.jpg 300w, https:\/\/detox.wtf\/wp-content\/uploads\/2026\/02\/IMG_7216-1024x576.jpg 1024w\" sizes=\"auto, (max-width: 3520px) 100vw, 3520px\" \/><br \/>\nFoto: Furhad Khan<\/p>\n<p><img loading=\"lazy\" decoding=\"async\" class=\"alignnone size-full wp-image-793\" src=\"http:\/\/detox.wtf\/wp-content\/uploads\/2026\/02\/IMG_0469.jpg\" alt=\"\" width=\"1600\" height=\"1200\" srcset=\"https:\/\/detox.wtf\/wp-content\/uploads\/2026\/02\/IMG_0469.jpg 1600w, https:\/\/detox.wtf\/wp-content\/uploads\/2026\/02\/IMG_0469-300x225.jpg 300w, https:\/\/detox.wtf\/wp-content\/uploads\/2026\/02\/IMG_0469-1024x768.jpg 1024w\" sizes=\"auto, (max-width: 1600px) 100vw, 1600px\" \/><br \/>\nFoto: Benjamin Suck<\/p>\n","protected":false},"excerpt":{"rendered":"<p>BORDERLAND ist eine choreographiertes Duo, in dem sich die K\u00fcnstler*innen im Laborversuch mit der Frage von Grenzen und Verbindungen, Vernetzung, geteilter Verantwortung im geteilten Raum auseinandersetzen. Video: Effrosyni Kontogeorgou, Anton Vasilyev Dienstag, 29, April 2025, 20:00 G\u00fcterbahnhof Bremen Donnerstag, 1. Mai 2025, 19:00 4bid Gallery Amsterdam Samstag, 3. Mai 2025, 19:00 Ho\u0161ek Contemporary Berlin Foto: Benjamin Suck Programmtext: DETOX ist eine Wohngemeinschaft. Maja ist die Hauptmieterin und Anton nicht. Daf\u00fcr ist er 1,84 gro\u00df. Antons T\u00fcr steht zur Zeit etwas weniger weit offen. Maja hat ihre territorialen Anspr\u00fcche im K\u00fchlschrank auf das zweite der vier F\u00e4cher reduziert. Sie wohnen in <a href=\"https:\/\/detox.wtf\/?page_id=565\" class=\"more-link\">&#8230;<span class=\"screen-reader-text\">  Borderland<\/span><\/a><\/p>\n","protected":false},"author":1,"featured_media":0,"parent":0,"menu_order":0,"comment_status":"closed","ping_status":"closed","template":"","meta":{"footnotes":""},"class_list":["post-565","page","type-page","status-publish","hentry"],"_links":{"self":[{"href":"https:\/\/detox.wtf\/index.php?rest_route=\/wp\/v2\/pages\/565","targetHints":{"allow":["GET"]}}],"collection":[{"href":"https:\/\/detox.wtf\/index.php?rest_route=\/wp\/v2\/pages"}],"about":[{"href":"https:\/\/detox.wtf\/index.php?rest_route=\/wp\/v2\/types\/page"}],"author":[{"embeddable":true,"href":"https:\/\/detox.wtf\/index.php?rest_route=\/wp\/v2\/users\/1"}],"replies":[{"embeddable":true,"href":"https:\/\/detox.wtf\/index.php?rest_route=%2Fwp%2Fv2%2Fcomments&post=565"}],"version-history":[{"count":18,"href":"https:\/\/detox.wtf\/index.php?rest_route=\/wp\/v2\/pages\/565\/revisions"}],"predecessor-version":[{"id":898,"href":"https:\/\/detox.wtf\/index.php?rest_route=\/wp\/v2\/pages\/565\/revisions\/898"}],"wp:attachment":[{"href":"https:\/\/detox.wtf\/index.php?rest_route=%2Fwp%2Fv2%2Fmedia&parent=565"}],"curies":[{"name":"wp","href":"https:\/\/api.w.org\/{rel}","templated":true}]}}