{"id":447,"date":"2024-05-03T13:47:59","date_gmt":"2024-05-03T13:47:59","guid":{"rendered":"http:\/\/detox.wtf\/?page_id=447"},"modified":"2024-05-03T13:47:59","modified_gmt":"2024-05-03T13:47:59","slug":"waschgaenge-2023-24","status":"publish","type":"page","link":"http:\/\/detox.wtf\/?page_id=447","title":{"rendered":"Waschg\u00e4nge 2023\/24"},"content":{"rendered":"<p><a href=\"http:\/\/detox.wtf\/?p=5&#038;lang=de\">11. Februar 2024 \/ Intervention bei Berlin Global im Humboldt Forum<\/a><\/p>\n<p><a href=\"http:\/\/detox.wtf\/?p=415&#038;lang=de\">11. Januar 2024 Flashmob bei Berlin Global im Humboldt Forum<\/a><\/p>\n<p><a href=\"http:\/\/detox.wtf\/?p=387&#038;lang=de\">11. Dezember 2023 Intervention am Berliner Kaufhaus des Westens<\/a><\/p>\n<p><a href=\"http:\/\/detox.wtf\/?p=358&#038;lang=de\">11. November 2023 Performance bei Musik 21 in Hannover<\/a><\/p>\n<p><a href=\"http:\/\/detox.wtf\/?p=331&#038;lang=de\">9. Oktober 2023 Performance \/ Konzert in der 4bid Galerie Amsterdam<\/a><\/p>\n<p><a href=\"http:\/\/detox.wtf\/?p=303&#038;lang=de\">10. und 11. September 2023 Performances mit QiQi Zheng und Wieland M\u00f6ller Acker Stadt Palast Berlin<\/a><\/p>\n<p><a href=\"http:\/\/detox.wtf\/?p=275&#038;lang=de\">11. August 2023 Online Lesung aus \u00edsafj\u00f6r\u00f0ur (IS) und Berlin (D)<\/a><\/p>\n<p><a href=\"http:\/\/detox.wtf\/?p=243&#038;lang=de\">11. Juli 2023 Keller\/Stra\u00dfen- Performance in Berlin-Kreuzberg<\/a><\/p>\n<p><a href=\"http:\/\/detox.wtf\/?p=205&#038;lang=de\">11. Juni 2023 Keller\/Stra\u00dfen- Performance in Berlin-Kreuzberg<\/a><\/p>\n<p><a href=\"http:\/\/detox.wtf\/?p=155&#038;lang=de\">11. Mai 2023 Online Performance aus Arnhem (NL) und Berlin (D)<\/a><\/p>\n<p><a href=\"http:\/\/detox.wtf\/?p=131&#038;lang=de\">11. April 2023 Keller\/Stra\u00dfen- Performance in Berlin-Kreuzberg<\/a><\/p>\n<p><a href=\"http:\/\/detox.wtf\/?p=112&#038;lang=de\">11. M\u00e4rz 2023 Keller\/Stra\u00dfen- Performance in Berlin-Kreuzberg<\/a><\/p>\n<p><a href=\"http:\/\/detox.wtf\/?p=10&#038;lang=de\">11. Februar 2023 Video \u2013 Schnipsel auf Social Media<\/a><\/p>\n<p><a href=\"http:\/\/detox.wtf\/?p=49&#038;lang=de\">Februar 2023 \/ Publikation in positionen \u2013 Texte zur Neuen Musik<\/a><\/p>\n","protected":false},"excerpt":{"rendered":"<p>11. Februar 2024 \/ Intervention bei Berlin Global im Humboldt Forum 11. Januar 2024 Flashmob bei Berlin Global im Humboldt Forum 11. Dezember 2023 Intervention am Berliner Kaufhaus des Westens 11. November 2023 Performance bei Musik 21 in Hannover 9. Oktober 2023 Performance \/ Konzert in der 4bid Galerie Amsterdam 10. und 11. September 2023 Performances mit QiQi Zheng und Wieland M\u00f6ller Acker Stadt Palast Berlin 11. August 2023 Online Lesung aus \u00edsafj\u00f6r\u00f0ur (IS) und Berlin (D) 11. Juli 2023 Keller\/Stra\u00dfen- Performance in Berlin-Kreuzberg 11. Juni 2023 Keller\/Stra\u00dfen- Performance in Berlin-Kreuzberg 11. Mai 2023 Online Performance aus Arnhem (NL) und <a href=\"http:\/\/detox.wtf\/?page_id=447\" class=\"more-link\">&#8230;<span class=\"screen-reader-text\">  Waschg\u00e4nge 2023\/24<\/span><\/a><\/p>\n","protected":false},"author":1,"featured_media":0,"parent":0,"menu_order":0,"comment_status":"closed","ping_status":"closed","template":"","meta":{"footnotes":""},"class_list":["post-447","page","type-page","status-publish","hentry"],"_links":{"self":[{"href":"http:\/\/detox.wtf\/index.php?rest_route=\/wp\/v2\/pages\/447","targetHints":{"allow":["GET"]}}],"collection":[{"href":"http:\/\/detox.wtf\/index.php?rest_route=\/wp\/v2\/pages"}],"about":[{"href":"http:\/\/detox.wtf\/index.php?rest_route=\/wp\/v2\/types\/page"}],"author":[{"embeddable":true,"href":"http:\/\/detox.wtf\/index.php?rest_route=\/wp\/v2\/users\/1"}],"replies":[{"embeddable":true,"href":"http:\/\/detox.wtf\/index.php?rest_route=%2Fwp%2Fv2%2Fcomments&post=447"}],"version-history":[{"count":11,"href":"http:\/\/detox.wtf\/index.php?rest_route=\/wp\/v2\/pages\/447\/revisions"}],"predecessor-version":[{"id":462,"href":"http:\/\/detox.wtf\/index.php?rest_route=\/wp\/v2\/pages\/447\/revisions\/462"}],"wp:attachment":[{"href":"http:\/\/detox.wtf\/index.php?rest_route=%2Fwp%2Fv2%2Fmedia&parent=447"}],"curies":[{"name":"wp","href":"https:\/\/api.w.org\/{rel}","templated":true}]}}